

{"id":24663,"date":"2025-05-20T23:29:54","date_gmt":"2025-05-20T20:29:54","guid":{"rendered":"https:\/\/kymbawp.libra.softwebpages.com\/sirket\/"},"modified":"2025-07-19T11:14:47","modified_gmt":"2025-07-19T08:14:47","slug":"sirket","status":"publish","type":"page","link":"https:\/\/kymbawp.libra.softwebpages.com\/tr\/sirket\/","title":{"rendered":"\u015eirket"},"content":{"rendered":"\t\t<div data-elementor-type=\"wp-page\" data-elementor-id=\"24663\" class=\"elementor elementor-24663 elementor-31\" data-elementor-post-type=\"page\">\n\t\t\t\t<div class=\"elementor-element elementor-element-77b508e e-con-full e-flex e-con e-parent\" data-id=\"77b508e\" data-element_type=\"container\" data-settings=\"{&quot;background_background&quot;:&quot;classic&quot;}\">\n\t\t<div class=\"elementor-element elementor-element-983261d e-con-full e-flex e-con e-child\" data-id=\"983261d\" data-element_type=\"container\" data-settings=\"{&quot;background_background&quot;:&quot;classic&quot;}\">\n\t\t\t\t<\/div>\n\t\t\t\t<\/div>\n\t\t<div class=\"elementor-element elementor-element-94d4420 e-con-full e-flex e-con e-parent\" data-id=\"94d4420\" data-element_type=\"container\" data-settings=\"{&quot;background_background&quot;:&quot;classic&quot;}\">\n\t\t<div class=\"elementor-element elementor-element-0aeb413 e-con-full e-flex elementor-invisible e-con e-child\" data-id=\"0aeb413\" data-element_type=\"container\" data-settings=\"{&quot;animation&quot;:&quot;fadeIn&quot;}\">\n\t\t\t\t<div class=\"elementor-element elementor-element-5682db9 elementor-widget elementor-widget-heading\" data-id=\"5682db9\" data-element_type=\"widget\" data-widget_type=\"heading.default\">\n\t\t\t\t<div class=\"elementor-widget-container\">\n\t\t\t\t\t<h2 class=\"elementor-heading-title elementor-size-default\">Hadi Gelece\u011finizi Planlayal\u0131m!<\/h2>\t\t\t\t<\/div>\n\t\t\t\t<\/div>\n\t\t\t\t<div class=\"elementor-element elementor-element-14085a9 elementor-widget elementor-widget-text-editor\" data-id=\"14085a9\" data-element_type=\"widget\" data-widget_type=\"text-editor.default\">\n\t\t\t\t<div class=\"elementor-widget-container\">\n\t\t\t\t\t\t\t\t\t<p>Sizin i\u00e7in en do\u011fru gayrimenkul\u00fc bulmak ve yat\u0131r\u0131m f\u0131rsatlar\u0131n\u0131 de\u011ferlendirmek i\u00e7in buraday\u0131z. Bug\u00fcn bizimle ileti\u015fime ge\u00e7in ve gelece\u011finizi \u015fekillendirecek ad\u0131mlar\u0131 at\u0131n!<\/p>\n\t\t\t\t\t\t\t\t<\/div>\n\t\t\t\t<\/div>\n\t\t\t\t<div class=\"elementor-element elementor-element-01755c5 elementor-align-left elementor-widget elementor-widget-button\" data-id=\"01755c5\" data-element_type=\"widget\" data-widget_type=\"button.default\">\n\t\t\t\t<div class=\"elementor-widget-container\">\n\t\t\t\t\t\t\t\t\t<div class=\"elementor-button-wrapper\">\n\t\t\t\t\t<a class=\"elementor-button elementor-button-link elementor-size-sm\" href=\"https:\/\/kymbawp.libra.softwebpages.com\/tr\/iletisim\/\">\n\t\t\t\t\t\t<span class=\"elementor-button-content-wrapper\">\n\t\t\t\t\t\t\t\t\t<span class=\"elementor-button-text\">\u0130leti\u015fim<\/span>\n\t\t\t\t\t<\/span>\n\t\t\t\t\t<\/a>\n\t\t\t\t<\/div>\n\t\t\t\t\t\t\t\t<\/div>\n\t\t\t\t<\/div>\n\t\t\t\t<\/div>\n\t\t\t\t<\/div>\n\t\t\t\t<\/div>\n\t\t","protected":false},"excerpt":{"rendered":"<p>Hadi Gelece\u011finizi Planlayal\u0131m! Sizin i\u00e7in en do\u011fru gayrimenkul\u00fc bulmak ve yat\u0131r\u0131m f\u0131rsatlar\u0131n\u0131 de\u011ferlendirmek i\u00e7in buraday\u0131z. Bug\u00fcn bizimle ileti\u015fime ge\u00e7in ve gelece\u011finizi \u015fekillendirecek ad\u0131mlar\u0131 at\u0131n! \u0130leti\u015fim<\/p>\n","protected":false},"author":2,"featured_media":0,"parent":0,"menu_order":0,"comment_status":"closed","ping_status":"closed","template":"elementor_header_footer","meta":{"_acf_changed":false,"footnotes":""},"class_list":["post-24663","page","type-page","status-publish","hentry"],"acf":[],"_links":{"self":[{"href":"https:\/\/kymbawp.libra.softwebpages.com\/tr\/wp-json\/wp\/v2\/pages\/24663","targetHints":{"allow":["GET"]}}],"collection":[{"href":"https:\/\/kymbawp.libra.softwebpages.com\/tr\/wp-json\/wp\/v2\/pages"}],"about":[{"href":"https:\/\/kymbawp.libra.softwebpages.com\/tr\/wp-json\/wp\/v2\/types\/page"}],"author":[{"embeddable":true,"href":"https:\/\/kymbawp.libra.softwebpages.com\/tr\/wp-json\/wp\/v2\/users\/2"}],"replies":[{"embeddable":true,"href":"https:\/\/kymbawp.libra.softwebpages.com\/tr\/wp-json\/wp\/v2\/comments?post=24663"}],"version-history":[{"count":4,"href":"https:\/\/kymbawp.libra.softwebpages.com\/tr\/wp-json\/wp\/v2\/pages\/24663\/revisions"}],"predecessor-version":[{"id":28366,"href":"https:\/\/kymbawp.libra.softwebpages.com\/tr\/wp-json\/wp\/v2\/pages\/24663\/revisions\/28366"}],"wp:attachment":[{"href":"https:\/\/kymbawp.libra.softwebpages.com\/tr\/wp-json\/wp\/v2\/media?parent=24663"}],"curies":[{"name":"wp","href":"https:\/\/api.w.org\/{rel}","templated":true}]}}